{"id":25957,"date":"2023-03-10T13:38:27","date_gmt":"2023-03-10T12:38:27","guid":{"rendered":"https:\/\/happy-inn.nl\/partys-fur-kinder\/"},"modified":"2025-10-31T12:00:17","modified_gmt":"2025-10-31T11:00:17","slug":"partys-fur-kinder","status":"publish","type":"page","link":"https:\/\/happy-inn.nl\/de\/partys-fur-kinder\/","title":{"rendered":"Partys f\u00fcr Kinder"},"content":{"rendered":"\t\t<div data-elementor-type=\"wp-page\" data-elementor-id=\"25957\" class=\"elementor elementor-25957\">\n\t\t\t\t\t\t<section class=\"elementor-section elementor-top-section elementor-element elementor-element-c0f9a4c elementor-section-boxed elementor-section-height-default elementor-section-height-default sc_fly_static\" data-id=\"c0f9a4c\" data-element_type=\"section\">\n\t\t\t\t\t\t<div class=\"elementor-container elementor-column-gap-extended\">\n\t\t\t\t\t<div class=\"elementor-column elementor-col-50 elementor-top-column elementor-element elementor-element-092de53 sc_content_align_center sc_layouts_column_align_center sc_layouts_column sc_inner_width_none sc_layouts_column_icons_position_left sc_fly_static\" data-id=\"092de53\" data-element_type=\"column\">\n\t\t\t<div class=\"elementor-widget-wrap elementor-element-populated\">\n\t\t\t\t\t\t<div class=\"elementor-element elementor-element-d175202 sc_fly_static elementor-widget elementor-widget-image\" data-id=\"d175202\" data-element_type=\"widget\" data-widget_type=\"image.default\">\n\t\t\t\t<div class=\"elementor-widget-container\">\n\t\t\t\t\t\t\t\t\t\t\t\t\t\t\t<img fetchpriority=\"high\" decoding=\"async\" width=\"1200\" height=\"900\" src=\"https:\/\/happy-inn.nl\/wp-content\/uploads\/2024\/02\/happyinn-foto-verjaardag.png\" class=\"attachment-full size-full wp-image-26744\" alt=\"\" srcset=\"https:\/\/happy-inn.nl\/wp-content\/uploads\/2024\/02\/happyinn-foto-verjaardag.png 1200w, https:\/\/happy-inn.nl\/wp-content\/uploads\/2024\/02\/happyinn-foto-verjaardag-300x225.png 300w, https:\/\/happy-inn.nl\/wp-content\/uploads\/2024\/02\/happyinn-foto-verjaardag-1024x768.png 1024w, https:\/\/happy-inn.nl\/wp-content\/uploads\/2024\/02\/happyinn-foto-verjaardag-768x576.png 768w, https:\/\/happy-inn.nl\/wp-content\/uploads\/2024\/02\/happyinn-foto-verjaardag-370x278.png 370w, https:\/\/happy-inn.nl\/wp-content\/uploads\/2024\/02\/happyinn-foto-verjaardag-840x630.png 840w, https:\/\/happy-inn.nl\/wp-content\/uploads\/2024\/02\/happyinn-foto-verjaardag-410x308.png 410w\" sizes=\"(max-width: 1200px) 100vw, 1200px\" \/>\t\t\t\t\t\t\t\t\t\t\t\t\t\t\t<\/div>\n\t\t\t\t<\/div>\n\t\t\t\t\t<\/div>\n\t\t<\/div>\n\t\t\t\t<div class=\"elementor-column elementor-col-50 elementor-top-column elementor-element elementor-element-b5622b3 sc_inner_width_none sc_content_align_inherit sc_layouts_column_icons_position_left sc_fly_static\" data-id=\"b5622b3\" data-element_type=\"column\">\n\t\t\t<div class=\"elementor-widget-wrap elementor-element-populated\">\n\t\t\t\t\t\t<div class=\"elementor-element elementor-element-4e82f117 sc_fly_static elementor-widget elementor-widget-trx_sc_title\" data-id=\"4e82f117\" data-element_type=\"widget\" data-widget_type=\"trx_sc_title.default\">\n\t\t\t\t<div class=\"elementor-widget-container\">\n\t\t\t\t\t<div\t\tclass=\"sc_title sc_title_default\" ><h3 class=\"sc_item_title sc_title_title sc_item_title_style_default sc_item_title_tag\"\n\t\t\t><span class=\"sc_item_title_text\">Feiern Sie ein Kinderfest im Happy Inn?<\/span><\/h3><\/div>\t\t\t\t<\/div>\n\t\t\t\t<\/div>\n\t\t\t\t<div class=\"elementor-element elementor-element-141314a sc_height_tiny sc_fly_static elementor-widget elementor-widget-spacer\" data-id=\"141314a\" data-element_type=\"widget\" data-widget_type=\"spacer.default\">\n\t\t\t\t<div class=\"elementor-widget-container\">\n\t\t\t\t\t\t\t<div class=\"elementor-spacer\">\n\t\t\t<div class=\"elementor-spacer-inner\"><\/div>\n\t\t<\/div>\n\t\t\t\t\t\t<\/div>\n\t\t\t\t<\/div>\n\t\t\t\t<div class=\"elementor-element elementor-element-7f61b620 sc_fly_static elementor-widget elementor-widget-text-editor\" data-id=\"7f61b620\" data-element_type=\"widget\" data-widget_type=\"text-editor.default\">\n\t\t\t\t<div class=\"elementor-widget-container\">\n\t\t\t\t\t\t\t\t\t<p class=\"p1\"><span class=\"s1\">Eine Kinderparty im Happy Inn Alkmaar, entspannt, famili\u00e4r, lustig und f\u00fcr jeden etwas. Die Kinder k\u00f6nnen auf dem gro\u00dfen Kletterger\u00fcst (mit 3 Rutschen), dem Hallenfu\u00dfballplatz und auf dem gro\u00dfen Kletter- und H\u00fcpfkissen spielen.<\/span><\/p>\t\t\t\t\t\t\t\t<\/div>\n\t\t\t\t<\/div>\n\t\t\t\t<div class=\"elementor-element elementor-element-1f2d829 sc_height_small sc_fly_static elementor-widget elementor-widget-spacer\" data-id=\"1f2d829\" data-element_type=\"widget\" data-widget_type=\"spacer.default\">\n\t\t\t\t<div class=\"elementor-widget-container\">\n\t\t\t\t\t\t\t<div class=\"elementor-spacer\">\n\t\t\t<div class=\"elementor-spacer-inner\"><\/div>\n\t\t<\/div>\n\t\t\t\t\t\t<\/div>\n\t\t\t\t<\/div>\n\t\t\t\t<div class=\"elementor-element elementor-element-aa9e6bd sc_fly_static elementor-widget elementor-widget-trx_sc_button\" data-id=\"aa9e6bd\" data-element_type=\"widget\" data-widget_type=\"trx_sc_button.default\">\n\t\t\t\t<div class=\"elementor-widget-container\">\n\t\t\t\t\t<div\tclass=\"sc_item_button sc_button_wrap sc_align_left\" ><a href=\"#arrangementen\" class=\"sc_button sc_button_default sc_button_size_normal sc_button_with_icon sc_button_icon_right color_style_dark\" style=\"background: radial-gradient(#009cd8, #0a55a3);\" ><span class=\"sc_button_icon\"><span class=\"icon-down\"><\/span><\/span><span class=\"sc_button_text\"><span class=\"sc_button_title\">Unsere Pakete ansehen<\/span><\/span><\/a><\/div>\t\t\t\t<\/div>\n\t\t\t\t<\/div>\n\t\t\t\t\t<\/div>\n\t\t<\/div>\n\t\t\t\t\t<\/div>\n\t\t<\/section>\n\t\t\t\t<section class=\"elementor-section elementor-top-section elementor-element elementor-element-69a01922 elementor-section-boxed elementor-section-height-default elementor-section-height-default sc_fly_static\" data-id=\"69a01922\" data-element_type=\"section\">\n\t\t\t\t\t\t<div class=\"elementor-container elementor-column-gap-extended\">\n\t\t\t\t\t<div class=\"elementor-column elementor-col-100 elementor-top-column elementor-element elementor-element-76d8a286 sc_inner_width_none sc_content_align_inherit sc_layouts_column_icons_position_left sc_fly_static\" data-id=\"76d8a286\" data-element_type=\"column\">\n\t\t\t<div class=\"elementor-widget-wrap elementor-element-populated\">\n\t\t\t\t\t\t<div class=\"elementor-element elementor-element-a8cfa00 sc_height_large sc_fly_static elementor-widget elementor-widget-spacer\" data-id=\"a8cfa00\" data-element_type=\"widget\" data-widget_type=\"spacer.default\">\n\t\t\t\t<div class=\"elementor-widget-container\">\n\t\t\t\t\t\t\t<div class=\"elementor-spacer\">\n\t\t\t<div class=\"elementor-spacer-inner\"><\/div>\n\t\t<\/div>\n\t\t\t\t\t\t<\/div>\n\t\t\t\t<\/div>\n\t\t\t\t<div class=\"elementor-element elementor-element-7d14655c sc_fly_static elementor-widget elementor-widget-trx_sc_title\" data-id=\"7d14655c\" data-element_type=\"widget\" data-widget_type=\"trx_sc_title.default\">\n\t\t\t\t<div class=\"elementor-widget-container\">\n\t\t\t\t\t<div\t\tclass=\"sc_title sc_title_default\" ><h1 class=\"sc_item_title sc_title_title sc_align_center sc_item_title_style_default sc_item_title_tag\"\n\t\t\t><span class=\"sc_item_title_text\">Partys fur Kinder<\/span><\/h1><span class=\"sc_item_subtitle sc_title_subtitle sc_align_center sc_item_subtitle_below sc_item_title_style_default\">Unsere Pakete<\/span><\/div>\t\t\t\t<\/div>\n\t\t\t\t<\/div>\n\t\t\t\t<div class=\"elementor-element elementor-element-bb852a1 sc_fly_static elementor-widget elementor-widget-trx_sc_anchor\" data-id=\"bb852a1\" data-element_type=\"widget\" data-widget_type=\"trx_sc_anchor.default\">\n\t\t\t\t<div class=\"elementor-widget-container\">\n\t\t\t\t\t<a id=\"sc_anchor_arrangementen\"\ttitle=\"\"  class=\"sc_anchor sc_anchor_default\" data-vc-icon=\"\" data-url=\"\" ><\/a>\t\t\t\t<\/div>\n\t\t\t\t<\/div>\n\t\t\t\t\t<\/div>\n\t\t<\/div>\n\t\t\t\t\t<\/div>\n\t\t<\/section>\n\t\t\t\t<section class=\"elementor-section elementor-top-section elementor-element elementor-element-3dff7ce3 elementor-section-boxed elementor-section-height-default elementor-section-height-default sc_fly_static\" data-id=\"3dff7ce3\" data-element_type=\"section\">\n\t\t\t\t\t\t<div class=\"elementor-container elementor-column-gap-extended\">\n\t\t\t\t\t<div class=\"elementor-column elementor-col-100 elementor-top-column elementor-element elementor-element-5b109120 sc_inner_width_none sc_content_align_inherit sc_layouts_column_icons_position_left sc_fly_static\" data-id=\"5b109120\" data-element_type=\"column\">\n\t\t\t<div class=\"elementor-widget-wrap elementor-element-populated\">\n\t\t\t\t\t\t<div class=\"elementor-element elementor-element-9a26c3c sc_height_small sc_fly_static elementor-widget elementor-widget-spacer\" data-id=\"9a26c3c\" data-element_type=\"widget\" data-widget_type=\"spacer.default\">\n\t\t\t\t<div class=\"elementor-widget-container\">\n\t\t\t\t\t\t\t<div class=\"elementor-spacer\">\n\t\t\t<div class=\"elementor-spacer-inner\"><\/div>\n\t\t<\/div>\n\t\t\t\t\t\t<\/div>\n\t\t\t\t<\/div>\n\t\t\t\t\t<\/div>\n\t\t<\/div>\n\t\t\t\t\t<\/div>\n\t\t<\/section>\n\t\t\t\t<section class=\"elementor-section elementor-top-section elementor-element elementor-element-597a1dc elementor-section-boxed elementor-section-height-default elementor-section-height-default sc_fly_static\" data-id=\"597a1dc\" data-element_type=\"section\">\n\t\t\t\t\t\t<div class=\"elementor-container elementor-column-gap-extended\">\n\t\t\t\t\t<div class=\"elementor-column elementor-col-100 elementor-top-column elementor-element elementor-element-2418ef0f sc_inner_width_none sc_content_align_inherit sc_layouts_column_icons_position_left sc_fly_static\" data-id=\"2418ef0f\" data-element_type=\"column\">\n\t\t\t<div class=\"elementor-widget-wrap elementor-element-populated\">\n\t\t\t\t\t\t<div class=\"elementor-element elementor-element-38afe1c3 animation_type_sequental scheme_light sc_fly_static elementor-invisible elementor-widget elementor-widget-trx_sc_price\" data-id=\"38afe1c3\" data-element_type=\"widget\" data-settings=\"{&quot;_animation&quot;:&quot;panda-fadeinup&quot;,&quot;_animation_delay&quot;:100}\" data-widget_type=\"trx_sc_price.default\">\n\t\t\t\t<div class=\"elementor-widget-container\">\n\t\t\t\t\t<div  \r\n\tclass=\"sc_price scheme_light sc_price_plain\"><div  class=\"sc_price_slider sc_item_slider slider_swiper_outer slider_outer slider_outer_controls slider_outer_controls_bottom slider_outer_pagination slider_outer_pagination_progressbar slider_outer_pagination_pos_bottom slider_outer_nocentered slider_outer_overflow_hidden slider_outer_multi\">\n\t<div  data-slides-per-view-breakpoints=\"{&quot;999999&quot;:&quot;3&quot;}\" class=\"slider_container swiper-slider-container slider_swiper slider_noresize slider_controls slider_controls_bottom slider_pagination slider_pagination_progressbar slider_pagination_pos_bottom slider_nocentered slider_overflow_hidden slider_multi\" data-slides-per-view=\"3\" data-slides-space=\"15\" data-effect=\"slide\" data-slides-min-width=\"250\" data-pagination=\"progressbar\" data-direction=\"horizontal\" data-mouse-wheel=\"1\" data-autoplay=\"1\" data-loop=\"1\" data-free-mode=\"0\" data-slides-centered=\"0\" data-slides-overflow=\"0\">\n\t\t<div class=\"slides slider-wrapper swiper-wrapper sc_item_columns_3\"><div class=\"slider-slide swiper-slide\"><div class=\"sc_price_item sc_price_item_plain\">\r\n\t\t\t<div class=\"sc_price_item_inner\"><div class=\"sc_price_item_info_top\"><h3 class=\"sc_price_item_title\"><span>Herry en Berry party<\/span><\/h3><\/div><div class=\"sc_price_item_info\"><div class=\"sc_price_item_price\"><span class=\"sc_price_item_price_before\">\u20ac<\/span><span class=\"sc_price_item_price_value\">13,50<\/span><span class=\"sc_price_item_price_after\">pro Kind<\/span><\/div><div class=\"sc_price_item_details\"><ul><li>Zugang<\/li><li>Unbegrenzt Limonade<\/li><li>Chips, Eis oder Slush<\/li><li>1x lasergame (pro Kind)<\/li><li>Geschenk f\u00fcr das Geburtstagskind<\/li><\/ul><\/div><a href=\"https:\/\/happy-inn-alkmaar.planplanfeestje.nl\/reserveer\/\" class=\"sc_price_item_link sc_button_bordered sc_button\" target=\"_blank\">Buchen Sie hier<\/a><\/div><!-- \/.sc_price_item_info --><\/div><!-- \/.sc_price_item_inner --><\/div><\/div><div class=\"slider-slide swiper-slide\"><div class=\"sc_price_item sc_price_item_plain\">\r\n\t\t\t<div class=\"sc_price_item_inner\"><div class=\"sc_price_item_info_top\"><h3 class=\"sc_price_item_title\"><span>Happy Inn party<\/span><\/h3><\/div><div class=\"sc_price_item_info\"><div class=\"sc_price_item_price\"><span class=\"sc_price_item_price_before\">\u20ac<\/span><span class=\"sc_price_item_price_value\">14,95<\/span><span class=\"sc_price_item_price_after\">pro Kind<\/span><\/div><div class=\"sc_price_item_details\"><ul><li>Zugang<\/li><li>Unbegrenzt Limonade<\/li><li>Patat<\/li><li>Geschenk f\u00fcr das Geburtstagskind<\/li><li>Optioneel: Lasergamen<\/li><\/ul><\/div><a href=\"https:\/\/happy-inn-alkmaar.planplanfeestje.nl\/reserveer\/\" class=\"sc_price_item_link sc_button_bordered sc_button\" target=\"_blank\">Buchen Sie hier<\/a><\/div><!-- \/.sc_price_item_info --><\/div><!-- \/.sc_price_item_inner --><\/div><\/div><div class=\"slider-slide swiper-slide\"><div class=\"sc_price_item sc_price_active sc_price_item_plain\">\r\n\t\t\t<div class=\"sc_price_item_label\">Populair<\/div><div class=\"sc_price_item_inner\"><div class=\"sc_price_item_info_top\"><h3 class=\"sc_price_item_title\"><span>Big Happy Inn Party<\/span><\/h3><\/div><div class=\"sc_price_item_info\"><div class=\"sc_price_item_price\"><span class=\"sc_price_item_price_before\">\u20ac<\/span><span class=\"sc_price_item_price_value\">17,95<\/span><span class=\"sc_price_item_price_after\">pro Kind<\/span><\/div><div class=\"sc_price_item_details\"><ul><li>Zugang<\/li><li>Unbegrenzt Limonade<\/li><li>Poffertjes oder Pommes mit Snack<\/li><li>Eis oder Slush<\/li><li>Geschenk f\u00fcr das Geburtstagskind<\/li><li>Optioneel: Lasergamen<\/li><\/ul><\/div><a href=\"https:\/\/happy-inn-alkmaar.planplanfeestje.nl\/reserveer\/\" class=\"sc_price_item_link sc_button_bordered sc_button\" target=\"_blank\">Buchen Sie hier<\/a><\/div><!-- \/.sc_price_item_info --><\/div><!-- \/.sc_price_item_inner --><\/div><\/div><div class=\"slider-slide swiper-slide\"><div class=\"sc_price_item sc_price_item_plain\">\r\n\t\t\t<div class=\"sc_price_item_inner\"><div class=\"sc_price_item_info_top\"><h3 class=\"sc_price_item_title\"><span>Extra Special Happy Inn Party<\/span><\/h3><\/div><div class=\"sc_price_item_info\"><div class=\"sc_price_item_price\"><span class=\"sc_price_item_price_before\">\u20ac<\/span><span class=\"sc_price_item_price_value\">19,95<\/span><span class=\"sc_price_item_price_after\">pro Kind<\/span><\/div><div class=\"sc_price_item_details\"><ul><li>Zugang<\/li><li>Unbegrenzt Limonade<\/li><li>Torte mit Schlagsahne<\/li><li>Poffertjes oder Pommes mit Snack<\/li><li>Eis oder Slush<\/li><li>Geschenk f\u00fcr das Geburtstagskind<\/li><li>Optioneel: Lasergamen<\/li><\/ul><\/div><a href=\"https:\/\/happy-inn-alkmaar.planplanfeestje.nl\/reserveer\/\" class=\"sc_price_item_link sc_button_bordered sc_button\" target=\"_blank\">Buchen Sie hier<\/a><\/div><!-- \/.sc_price_item_info --><\/div><!-- \/.sc_price_item_inner --><\/div><\/div><\/div><\/div><div class=\"slider_pagination_wrap swiper-pagination\"><\/div><div class=\"slider_controls_wrap\"><a class=\"slider_prev swiper-button-prev\" href=\"#\"><\/a><a class=\"slider_next swiper-button-next\" href=\"#\"><\/a><\/div><\/div><\/div><!-- \/.sc_price -->\t\t\t\t<\/div>\n\t\t\t\t<\/div>\n\t\t\t\t\t<\/div>\n\t\t<\/div>\n\t\t\t\t\t<\/div>\n\t\t<\/section>\n\t\t\t\t<\/div>\n\t\t","protected":false},"excerpt":{"rendered":"<p>Feiern Sie ein Kinderfest im Happy Inn? Eine Kinderparty im Happy Inn Alkmaar, entspannt, famili\u00e4r, lustig und f\u00fcr jeden etwas. Die Kinder k\u00f6nnen auf dem gro\u00dfen Kletterger\u00fcst (mit 3 Rutschen),&hellip;<\/p>\n","protected":false},"author":1,"featured_media":0,"parent":0,"menu_order":0,"comment_status":"closed","ping_status":"closed","template":"","meta":{"cybocfi_hide_featured_image":"","footnotes":""},"class_list":["post-25957","page","type-page","status-publish","hentry"],"_links":{"self":[{"href":"https:\/\/happy-inn.nl\/de\/wp-json\/wp\/v2\/pages\/25957","targetHints":{"allow":["GET"]}}],"collection":[{"href":"https:\/\/happy-inn.nl\/de\/wp-json\/wp\/v2\/pages"}],"about":[{"href":"https:\/\/happy-inn.nl\/de\/wp-json\/wp\/v2\/types\/page"}],"author":[{"embeddable":true,"href":"https:\/\/happy-inn.nl\/de\/wp-json\/wp\/v2\/users\/1"}],"replies":[{"embeddable":true,"href":"https:\/\/happy-inn.nl\/de\/wp-json\/wp\/v2\/comments?post=25957"}],"version-history":[{"count":26,"href":"https:\/\/happy-inn.nl\/de\/wp-json\/wp\/v2\/pages\/25957\/revisions"}],"predecessor-version":[{"id":27042,"href":"https:\/\/happy-inn.nl\/de\/wp-json\/wp\/v2\/pages\/25957\/revisions\/27042"}],"wp:attachment":[{"href":"https:\/\/happy-inn.nl\/de\/wp-json\/wp\/v2\/media?parent=25957"}],"curies":[{"name":"wp","href":"https:\/\/api.w.org\/{rel}","templated":true}]}}