{"id":25925,"date":"2023-07-20T15:41:17","date_gmt":"2023-07-20T13:41:17","guid":{"rendered":"https:\/\/happy-inn.nl\/aktivitaten-im-freien\/"},"modified":"2024-02-06T14:43:47","modified_gmt":"2024-02-06T13:43:47","slug":"aktivitaten-im-freien","status":"publish","type":"page","link":"https:\/\/happy-inn.nl\/de\/aktivitaten-im-freien\/","title":{"rendered":"Aktivit\u00e4ten im Freien"},"content":{"rendered":"\t\t<div data-elementor-type=\"wp-page\" data-elementor-id=\"25925\" class=\"elementor elementor-25925\">\n\t\t\t\t\t\t<section class=\"elementor-section elementor-top-section elementor-element elementor-element-26dc149 elementor-section-boxed elementor-section-height-default elementor-section-height-default sc_fly_static\" data-id=\"26dc149\" data-element_type=\"section\" data-settings=\"{&quot;background_background&quot;:&quot;classic&quot;}\">\n\t\t\t\t\t\t<div class=\"elementor-container elementor-column-gap-extended\">\n\t\t\t\t\t<div class=\"elementor-column elementor-col-50 elementor-top-column elementor-element elementor-element-b8e8b93 sc_inner_width_none sc_content_align_inherit sc_layouts_column_icons_position_left sc_fly_static\" data-id=\"b8e8b93\" data-element_type=\"column\">\n\t\t\t<div class=\"elementor-widget-wrap elementor-element-populated\">\n\t\t\t\t\t\t<div class=\"elementor-element elementor-element-c9c5c0d sc_fly_static elementor-widget elementor-widget-trx_sc_title\" data-id=\"c9c5c0d\" data-element_type=\"widget\" data-widget_type=\"trx_sc_title.default\">\n\t\t\t\t<div class=\"elementor-widget-container\">\n\t\t\t\t\t<div\t\tclass=\"sc_title sc_title_default\" ><span class=\"sc_item_subtitle sc_title_subtitle sc_item_subtitle_above sc_item_title_style_default\">Einrichtungen<\/span><h1 class=\"sc_item_title sc_title_title sc_item_title_style_default sc_item_title_tag\"\n\t\t\t><span class=\"sc_item_title_text\">Aktivitaten im Freien (bei schonem Wetter)<\/span><\/h1><\/div>\t\t\t\t<\/div>\n\t\t\t\t<\/div>\n\t\t\t\t<div class=\"elementor-element elementor-element-d5ca560 sc_height_small sc_fly_static elementor-widget elementor-widget-spacer\" data-id=\"d5ca560\" data-element_type=\"widget\" data-widget_type=\"spacer.default\">\n\t\t\t\t<div class=\"elementor-widget-container\">\n\t\t\t\t\t\t\t<div class=\"elementor-spacer\">\n\t\t\t<div class=\"elementor-spacer-inner\"><\/div>\n\t\t<\/div>\n\t\t\t\t\t\t<\/div>\n\t\t\t\t<\/div>\n\t\t\t\t<div class=\"elementor-element elementor-element-727abf5 sc_fly_static elementor-widget elementor-widget-text-editor\" data-id=\"727abf5\" data-element_type=\"widget\" data-widget_type=\"text-editor.default\">\n\t\t\t\t<div class=\"elementor-widget-container\">\n\t\t\t\t\t\t\t\t\t<p>Von Mitte Mai bis Mitte September ist unsere Dachterrasse voller Wasserspa\u00df ge\u00f6ffnet, wenn die erwartete Temperatur mindestens 20\u00b0C betr\u00e4gt.<\/p><p>Kinder m\u00fcssen immer unter der Aufsicht einer Aufsichtsperson (18+) spielen. Kinder d\u00fcrfen nicht mit Windeln im Wasser spielen (au\u00dfer mit Schwimmwindeln).<\/p><p><em><strong>Tipp:<\/strong> Bringen Sie Ihre Badesachen und Handt\u00fccher sicherheitshalber von zu Hause mit.<\/em><\/p>\t\t\t\t\t\t\t\t<\/div>\n\t\t\t\t<\/div>\n\t\t\t\t<div class=\"elementor-element elementor-element-909b3f1 sc_height_small sc_fly_static elementor-widget elementor-widget-spacer\" data-id=\"909b3f1\" data-element_type=\"widget\" data-widget_type=\"spacer.default\">\n\t\t\t\t<div class=\"elementor-widget-container\">\n\t\t\t\t\t\t\t<div class=\"elementor-spacer\">\n\t\t\t<div class=\"elementor-spacer-inner\"><\/div>\n\t\t<\/div>\n\t\t\t\t\t\t<\/div>\n\t\t\t\t<\/div>\n\t\t\t\t<div class=\"elementor-element elementor-element-ccfd677 scheme_light sc_fly_static elementor-widget elementor-widget-trx_sc_button\" data-id=\"ccfd677\" data-element_type=\"widget\" data-widget_type=\"trx_sc_button.default\">\n\t\t\t\t<div class=\"elementor-widget-container\">\n\t\t\t\t\t<div\tclass=\"sc_item_button sc_button_wrap\" ><a href=\"#fotos\" class=\"sc_button sc_button_bordered sc_button_size_normal sc_button_with_icon sc_button_icon_right color_style_link3\" ><span class=\"sc_button_icon\"><span class=\"icon-down-big\"><\/span><\/span><span class=\"sc_button_text\"><span class=\"sc_button_title\">Fotos Ansehen<\/span><\/span><\/a><\/div>\t\t\t\t<\/div>\n\t\t\t\t<\/div>\n\t\t\t\t\t<\/div>\n\t\t<\/div>\n\t\t\t\t<div class=\"elementor-column elementor-col-50 elementor-top-column elementor-element elementor-element-4b59a17 sc_inner_width_none sc_content_align_inherit sc_layouts_column_icons_position_left sc_fly_static\" data-id=\"4b59a17\" data-element_type=\"column\">\n\t\t\t<div class=\"elementor-widget-wrap elementor-element-populated\">\n\t\t\t\t\t\t<div class=\"elementor-element elementor-element-1797ec7 sc_fly_static elementor-widget elementor-widget-image\" data-id=\"1797ec7\" data-element_type=\"widget\" data-widget_type=\"image.default\">\n\t\t\t\t<div class=\"elementor-widget-container\">\n\t\t\t\t\t\t\t\t\t\t\t\t\t\t\t<img fetchpriority=\"high\" decoding=\"async\" width=\"1024\" height=\"768\" src=\"https:\/\/happy-inn.nl\/wp-content\/uploads\/2023\/09\/voorziening-map-zwemmen-1-1024x768.jpg\" class=\"attachment-large size-large wp-image-25139\" alt=\"\" srcset=\"https:\/\/happy-inn.nl\/wp-content\/uploads\/2023\/09\/voorziening-map-zwemmen-1-1024x768.jpg 1024w, https:\/\/happy-inn.nl\/wp-content\/uploads\/2023\/09\/voorziening-map-zwemmen-1-300x225.jpg 300w, https:\/\/happy-inn.nl\/wp-content\/uploads\/2023\/09\/voorziening-map-zwemmen-1-768x576.jpg 768w, https:\/\/happy-inn.nl\/wp-content\/uploads\/2023\/09\/voorziening-map-zwemmen-1-370x278.jpg 370w, https:\/\/happy-inn.nl\/wp-content\/uploads\/2023\/09\/voorziening-map-zwemmen-1-840x630.jpg 840w, https:\/\/happy-inn.nl\/wp-content\/uploads\/2023\/09\/voorziening-map-zwemmen-1-410x308.jpg 410w, https:\/\/happy-inn.nl\/wp-content\/uploads\/2023\/09\/voorziening-map-zwemmen-1.jpg 1200w\" sizes=\"(max-width: 1024px) 100vw, 1024px\" \/>\t\t\t\t\t\t\t\t\t\t\t\t\t\t\t<\/div>\n\t\t\t\t<\/div>\n\t\t\t\t\t<\/div>\n\t\t<\/div>\n\t\t\t\t\t<\/div>\n\t\t<\/section>\n\t\t\t\t<section class=\"elementor-section elementor-top-section elementor-element elementor-element-2cc7cb2f elementor-section-boxed elementor-section-height-default elementor-section-height-default sc_fly_static\" data-id=\"2cc7cb2f\" data-element_type=\"section\" data-settings=\"{&quot;shape_divider_top&quot;:&quot;trx_addons_wavesform&quot;}\">\n\t\t\t\t\t<div class=\"elementor-shape elementor-shape-top\" data-negative=\"false\">\n\t\t\t<svg xmlns=\"http:\/\/www.w3.org\/2000\/svg\" viewBox=\"0 0 1920 253\" preserveAspectRatio=\"none\">\r\n<path class=\"elementor-shape-fill vc-shape-fill\" d=\"M0,218c0,0,151-110,279-124s165,101,390,76S999,2,1161,0s280,160,352,156\r\n\ts112.3-89,212-92s195,82,195,82v107H0V218z\"\/>\r\n<\/svg>\r\n\t\t<\/div>\n\t\t\t\t\t<div class=\"elementor-container elementor-column-gap-extended\">\n\t\t\t\t\t<div class=\"elementor-column elementor-col-100 elementor-top-column elementor-element elementor-element-493bbff0 sc_inner_width_none sc_content_align_inherit sc_layouts_column_icons_position_left sc_fly_static\" data-id=\"493bbff0\" data-element_type=\"column\">\n\t\t\t<div class=\"elementor-widget-wrap elementor-element-populated\">\n\t\t\t\t\t\t<div class=\"elementor-element elementor-element-6b365fcd sc_fly_static elementor-widget elementor-widget-spacer\" data-id=\"6b365fcd\" data-element_type=\"widget\" data-widget_type=\"spacer.default\">\n\t\t\t\t<div class=\"elementor-widget-container\">\n\t\t\t\t\t\t\t<div class=\"elementor-spacer\">\n\t\t\t<div class=\"elementor-spacer-inner\"><\/div>\n\t\t<\/div>\n\t\t\t\t\t\t<\/div>\n\t\t\t\t<\/div>\n\t\t\t\t\t<\/div>\n\t\t<\/div>\n\t\t\t\t\t<\/div>\n\t\t<\/section>\n\t\t\t\t<section class=\"elementor-section elementor-top-section elementor-element elementor-element-e5f2eba scheme_dark elementor-section-boxed elementor-section-height-default elementor-section-height-default sc_fly_static\" data-id=\"e5f2eba\" data-element_type=\"section\" data-settings=\"{&quot;background_background&quot;:&quot;classic&quot;}\">\n\t\t\t\t\t\t<div class=\"elementor-container elementor-column-gap-extended\">\n\t\t\t\t\t<div class=\"elementor-column elementor-col-100 elementor-top-column elementor-element elementor-element-e98dbf3 sc_inner_width_none sc_content_align_inherit sc_layouts_column_icons_position_left sc_fly_static\" data-id=\"e98dbf3\" data-element_type=\"column\">\n\t\t\t<div class=\"elementor-widget-wrap elementor-element-populated\">\n\t\t\t\t\t\t<div class=\"elementor-element elementor-element-3dda0b2 sc_fly_static elementor-widget elementor-widget-menu-anchor\" data-id=\"3dda0b2\" data-element_type=\"widget\" data-widget_type=\"menu-anchor.default\">\n\t\t\t\t<div class=\"elementor-widget-container\">\n\t\t\t\t\t\t\t<div class=\"elementor-menu-anchor\" id=\"fotos\"><\/div>\n\t\t\t\t\t\t<\/div>\n\t\t\t\t<\/div>\n\t\t\t\t<div class=\"elementor-element elementor-element-92967d5 sc_fly_static elementor-widget elementor-widget-trx_sc_title\" data-id=\"92967d5\" data-element_type=\"widget\" data-widget_type=\"trx_sc_title.default\">\n\t\t\t\t<div class=\"elementor-widget-container\">\n\t\t\t\t\t<div\t\tclass=\"sc_title sc_title_default\" ><span class=\"sc_item_subtitle sc_title_subtitle sc_item_subtitle_above sc_item_title_style_default\">Aktivitaten im Freien (bei schonem Wetter)<\/span><h1 class=\"sc_item_title sc_title_title sc_item_title_style_default sc_item_title_tag\"\n\t\t\t><span class=\"sc_item_title_text\">Impression<\/span><\/h1><\/div>\t\t\t\t<\/div>\n\t\t\t\t<\/div>\n\t\t\t\t<div class=\"elementor-element elementor-element-26ab630 gallery-spacing-custom sc_fly_static elementor-widget elementor-widget-image-gallery\" data-id=\"26ab630\" data-element_type=\"widget\" data-widget_type=\"image-gallery.default\">\n\t\t\t\t<div class=\"elementor-widget-container\">\n\t\t\t\t\t\t\t<div class=\"elementor-image-gallery\">\n\t\t\t<div id='gallery-1' class='gallery galleryid-25925 gallery-columns-4 gallery-size-full'><figure class='gallery-item'>\n\t\t\t<div class='gallery-icon landscape'>\n\t\t\t\t<a data-elementor-open-lightbox=\"yes\" data-elementor-lightbox-slideshow=\"26ab630\" data-e-action-hash=\"#elementor-action%3Aaction%3Dlightbox%26settings%3DeyJpZCI6MjU4MzYsInVybCI6Imh0dHBzOlwvXC9oYXBweS1pbm4ubmxcL3dwLWNvbnRlbnRcL3VwbG9hZHNcLzIwMjNcLzA3XC9aSDN1SUNsanBSLmpwZyIsInNsaWRlc2hvdyI6IjI2YWI2MzAifQ%3D%3D\" href='https:\/\/happy-inn.nl\/wp-content\/uploads\/2023\/07\/ZH3uICljpR.jpg'><img decoding=\"async\" width=\"1200\" height=\"900\" src=\"https:\/\/happy-inn.nl\/wp-content\/uploads\/2023\/07\/ZH3uICljpR.jpg\" class=\"attachment-full size-full\" alt=\"\" srcset=\"https:\/\/happy-inn.nl\/wp-content\/uploads\/2023\/07\/ZH3uICljpR.jpg 1200w, https:\/\/happy-inn.nl\/wp-content\/uploads\/2023\/07\/ZH3uICljpR-300x225.jpg 300w, https:\/\/happy-inn.nl\/wp-content\/uploads\/2023\/07\/ZH3uICljpR-1024x768.jpg 1024w, https:\/\/happy-inn.nl\/wp-content\/uploads\/2023\/07\/ZH3uICljpR-768x576.jpg 768w, https:\/\/happy-inn.nl\/wp-content\/uploads\/2023\/07\/ZH3uICljpR-370x278.jpg 370w, https:\/\/happy-inn.nl\/wp-content\/uploads\/2023\/07\/ZH3uICljpR-840x630.jpg 840w, https:\/\/happy-inn.nl\/wp-content\/uploads\/2023\/07\/ZH3uICljpR-410x308.jpg 410w\" sizes=\"(max-width: 1200px) 100vw, 1200px\" \/><\/a>\n\t\t\t<\/div><\/figure><figure class='gallery-item'>\n\t\t\t<div class='gallery-icon landscape'>\n\t\t\t\t<a data-elementor-open-lightbox=\"yes\" data-elementor-lightbox-slideshow=\"26ab630\" data-e-action-hash=\"#elementor-action%3Aaction%3Dlightbox%26settings%3DeyJpZCI6MjU4MzgsInVybCI6Imh0dHBzOlwvXC9oYXBweS1pbm4ubmxcL3dwLWNvbnRlbnRcL3VwbG9hZHNcLzIwMjNcLzA3XC9nUk82d0piOWN1LmpwZyIsInNsaWRlc2hvdyI6IjI2YWI2MzAifQ%3D%3D\" href='https:\/\/happy-inn.nl\/wp-content\/uploads\/2023\/07\/gRO6wJb9cu.jpg'><img decoding=\"async\" width=\"1200\" height=\"900\" src=\"https:\/\/happy-inn.nl\/wp-content\/uploads\/2023\/07\/gRO6wJb9cu.jpg\" class=\"attachment-full size-full\" alt=\"\" srcset=\"https:\/\/happy-inn.nl\/wp-content\/uploads\/2023\/07\/gRO6wJb9cu.jpg 1200w, https:\/\/happy-inn.nl\/wp-content\/uploads\/2023\/07\/gRO6wJb9cu-300x225.jpg 300w, https:\/\/happy-inn.nl\/wp-content\/uploads\/2023\/07\/gRO6wJb9cu-1024x768.jpg 1024w, https:\/\/happy-inn.nl\/wp-content\/uploads\/2023\/07\/gRO6wJb9cu-768x576.jpg 768w, https:\/\/happy-inn.nl\/wp-content\/uploads\/2023\/07\/gRO6wJb9cu-370x278.jpg 370w, https:\/\/happy-inn.nl\/wp-content\/uploads\/2023\/07\/gRO6wJb9cu-840x630.jpg 840w, https:\/\/happy-inn.nl\/wp-content\/uploads\/2023\/07\/gRO6wJb9cu-410x308.jpg 410w\" sizes=\"(max-width: 1200px) 100vw, 1200px\" \/><\/a>\n\t\t\t<\/div><\/figure><figure class='gallery-item'>\n\t\t\t<div class='gallery-icon landscape'>\n\t\t\t\t<a data-elementor-open-lightbox=\"yes\" data-elementor-lightbox-slideshow=\"26ab630\" data-e-action-hash=\"#elementor-action%3Aaction%3Dlightbox%26settings%3DeyJpZCI6MjU4NDAsInVybCI6Imh0dHBzOlwvXC9oYXBweS1pbm4ubmxcL3dwLWNvbnRlbnRcL3VwbG9hZHNcLzIwMjNcLzA3XC9Pa01vcGQzSFl5LmpwZyIsInNsaWRlc2hvdyI6IjI2YWI2MzAifQ%3D%3D\" href='https:\/\/happy-inn.nl\/wp-content\/uploads\/2023\/07\/OkMopd3HYy.jpg'><img loading=\"lazy\" decoding=\"async\" width=\"1200\" height=\"900\" src=\"https:\/\/happy-inn.nl\/wp-content\/uploads\/2023\/07\/OkMopd3HYy.jpg\" class=\"attachment-full size-full\" alt=\"\" srcset=\"https:\/\/happy-inn.nl\/wp-content\/uploads\/2023\/07\/OkMopd3HYy.jpg 1200w, https:\/\/happy-inn.nl\/wp-content\/uploads\/2023\/07\/OkMopd3HYy-300x225.jpg 300w, https:\/\/happy-inn.nl\/wp-content\/uploads\/2023\/07\/OkMopd3HYy-1024x768.jpg 1024w, https:\/\/happy-inn.nl\/wp-content\/uploads\/2023\/07\/OkMopd3HYy-768x576.jpg 768w, https:\/\/happy-inn.nl\/wp-content\/uploads\/2023\/07\/OkMopd3HYy-370x278.jpg 370w, https:\/\/happy-inn.nl\/wp-content\/uploads\/2023\/07\/OkMopd3HYy-840x630.jpg 840w, https:\/\/happy-inn.nl\/wp-content\/uploads\/2023\/07\/OkMopd3HYy-410x308.jpg 410w\" sizes=\"(max-width: 1200px) 100vw, 1200px\" \/><\/a>\n\t\t\t<\/div><\/figure>\n\t\t<\/div>\n\t\t<\/div>\n\t\t\t\t\t\t<\/div>\n\t\t\t\t<\/div>\n\t\t\t\t\t<\/div>\n\t\t<\/div>\n\t\t\t\t\t<\/div>\n\t\t<\/section>\n\t\t\t\t<section class=\"elementor-section elementor-top-section elementor-element elementor-element-2e7935f elementor-section-boxed elementor-section-height-default elementor-section-height-default sc_fly_static\" data-id=\"2e7935f\" data-element_type=\"section\" data-settings=\"{&quot;shape_divider_bottom&quot;:&quot;trx_addons_wavesform&quot;}\">\n\t\t\t\t\t<div class=\"elementor-shape elementor-shape-bottom\" data-negative=\"false\">\n\t\t\t<svg xmlns=\"http:\/\/www.w3.org\/2000\/svg\" viewBox=\"0 0 1920 253\" preserveAspectRatio=\"none\">\r\n<path class=\"elementor-shape-fill vc-shape-fill\" d=\"M0,218c0,0,151-110,279-124s165,101,390,76S999,2,1161,0s280,160,352,156\r\n\ts112.3-89,212-92s195,82,195,82v107H0V218z\"\/>\r\n<\/svg>\r\n\t\t<\/div>\n\t\t\t\t\t<div class=\"elementor-container elementor-column-gap-extended\">\n\t\t\t\t\t<div class=\"elementor-column elementor-col-100 elementor-top-column elementor-element elementor-element-b6d2054 sc_inner_width_none sc_content_align_inherit sc_layouts_column_icons_position_left sc_fly_static\" data-id=\"b6d2054\" data-element_type=\"column\">\n\t\t\t<div class=\"elementor-widget-wrap elementor-element-populated\">\n\t\t\t\t\t\t<div class=\"elementor-element elementor-element-3168cb4d sc_fly_static elementor-widget elementor-widget-spacer\" data-id=\"3168cb4d\" data-element_type=\"widget\" data-widget_type=\"spacer.default\">\n\t\t\t\t<div class=\"elementor-widget-container\">\n\t\t\t\t\t\t\t<div class=\"elementor-spacer\">\n\t\t\t<div class=\"elementor-spacer-inner\"><\/div>\n\t\t<\/div>\n\t\t\t\t\t\t<\/div>\n\t\t\t\t<\/div>\n\t\t\t\t\t<\/div>\n\t\t<\/div>\n\t\t\t\t\t<\/div>\n\t\t<\/section>\n\t\t\t\t<section class=\"elementor-section elementor-top-section elementor-element elementor-element-dd7ec2a elementor-section-boxed elementor-section-height-default elementor-section-height-default sc_fly_static\" data-id=\"dd7ec2a\" data-element_type=\"section\">\n\t\t\t\t\t\t<div class=\"elementor-container elementor-column-gap-extended\">\n\t\t\t\t\t<div class=\"elementor-column elementor-col-100 elementor-top-column elementor-element elementor-element-92c265c sc_inner_width_none sc_content_align_inherit sc_layouts_column_icons_position_left sc_fly_static\" data-id=\"92c265c\" data-element_type=\"column\">\n\t\t\t<div class=\"elementor-widget-wrap elementor-element-populated\">\n\t\t\t\t\t\t<div class=\"elementor-element elementor-element-57b6bea sc_height_small sc_fly_static elementor-widget elementor-widget-spacer\" data-id=\"57b6bea\" data-element_type=\"widget\" data-widget_type=\"spacer.default\">\n\t\t\t\t<div class=\"elementor-widget-container\">\n\t\t\t\t\t\t\t<div class=\"elementor-spacer\">\n\t\t\t<div class=\"elementor-spacer-inner\"><\/div>\n\t\t<\/div>\n\t\t\t\t\t\t<\/div>\n\t\t\t\t<\/div>\n\t\t\t\t\t<\/div>\n\t\t<\/div>\n\t\t\t\t\t<\/div>\n\t\t<\/section>\n\t\t\t\t<section class=\"elementor-section elementor-top-section elementor-element elementor-element-2ef1364 elementor-section-boxed elementor-section-height-default elementor-section-height-default sc_fly_static\" data-id=\"2ef1364\" data-element_type=\"section\">\n\t\t\t\t\t\t<div class=\"elementor-container elementor-column-gap-extended\">\n\t\t\t\t\t<div class=\"elementor-column elementor-col-100 elementor-top-column elementor-element elementor-element-63bf7ea3 sc_inner_width_none sc_content_align_inherit sc_layouts_column_icons_position_left sc_fly_static\" data-id=\"63bf7ea3\" data-element_type=\"column\">\n\t\t\t<div class=\"elementor-widget-wrap elementor-element-populated\">\n\t\t\t\t\t\t<div class=\"elementor-element elementor-element-195f033f sc_fly_static elementor-widget elementor-widget-trx_sc_title\" data-id=\"195f033f\" data-element_type=\"widget\" data-widget_type=\"trx_sc_title.default\">\n\t\t\t\t<div class=\"elementor-widget-container\">\n\t\t\t\t\t<div\t\tclass=\"sc_title sc_title_default\" ><span class=\"sc_item_subtitle sc_title_subtitle sc_item_subtitle_above sc_item_title_style_default\">Einrichtungen<\/span><h1 class=\"sc_item_title sc_title_title sc_item_title_style_default sc_item_title_tag\"\n\t\t\t><span class=\"sc_item_title_text\">Siehe Auch...<\/span><\/h1><\/div>\t\t\t\t<\/div>\n\t\t\t\t<\/div>\n\t\t\t\t<section class=\"elementor-section elementor-inner-section elementor-element elementor-element-3517364 elementor-section-boxed elementor-section-height-default elementor-section-height-default sc_fly_static\" data-id=\"3517364\" data-element_type=\"section\">\n\t\t\t\t\t\t<div class=\"elementor-container elementor-column-gap-extended\">\n\t\t\t\t\t<div class=\"elementor-column elementor-col-33 elementor-inner-column elementor-element elementor-element-4e3f653 sc_inner_width_none sc_content_align_inherit sc_layouts_column_icons_position_left sc_fly_static\" data-id=\"4e3f653\" data-element_type=\"column\">\n\t\t\t<div class=\"elementor-widget-wrap elementor-element-populated\">\n\t\t\t\t\t\t<div class=\"elementor-element elementor-element-a39b062 sc_fly_static elementor-widget elementor-widget-image\" data-id=\"a39b062\" data-element_type=\"widget\" data-widget_type=\"image.default\">\n\t\t\t\t<div class=\"elementor-widget-container\">\n\t\t\t\t\t\t\t\t\t\t\t\t\t\t\t\t<a href=\"https:\/\/happy-inn.nl\/de\/lasergame\/\">\n\t\t\t\t\t\t\t<img loading=\"lazy\" decoding=\"async\" width=\"1024\" height=\"768\" src=\"https:\/\/happy-inn.nl\/wp-content\/uploads\/2023\/09\/voorziening-map-lasergame-1-1024x768.jpg\" class=\"attachment-large size-large wp-image-25137\" alt=\"\" srcset=\"https:\/\/happy-inn.nl\/wp-content\/uploads\/2023\/09\/voorziening-map-lasergame-1-1024x768.jpg 1024w, https:\/\/happy-inn.nl\/wp-content\/uploads\/2023\/09\/voorziening-map-lasergame-1-300x225.jpg 300w, https:\/\/happy-inn.nl\/wp-content\/uploads\/2023\/09\/voorziening-map-lasergame-1-768x576.jpg 768w, https:\/\/happy-inn.nl\/wp-content\/uploads\/2023\/09\/voorziening-map-lasergame-1-370x278.jpg 370w, https:\/\/happy-inn.nl\/wp-content\/uploads\/2023\/09\/voorziening-map-lasergame-1-840x630.jpg 840w, https:\/\/happy-inn.nl\/wp-content\/uploads\/2023\/09\/voorziening-map-lasergame-1-410x308.jpg 410w, https:\/\/happy-inn.nl\/wp-content\/uploads\/2023\/09\/voorziening-map-lasergame-1.jpg 1200w\" sizes=\"(max-width: 1024px) 100vw, 1024px\" \/>\t\t\t\t\t\t\t\t<\/a>\n\t\t\t\t\t\t\t\t\t\t\t\t\t\t\t<\/div>\n\t\t\t\t<\/div>\n\t\t\t\t<div class=\"elementor-element elementor-element-ddfebc2 sc_fly_static elementor-widget elementor-widget-trx_sc_title\" data-id=\"ddfebc2\" data-element_type=\"widget\" data-widget_type=\"trx_sc_title.default\">\n\t\t\t\t<div class=\"elementor-widget-container\">\n\t\t\t\t\t<div\t\tclass=\"sc_title sc_title_default\" ><h2 class=\"sc_item_title sc_title_title sc_item_title_style_default trx_addons_inline_1007987438\"\n\t\t\t><span class=\"sc_item_title_text\">Lasergame<\/span><\/h2><\/div>\t\t\t\t<\/div>\n\t\t\t\t<\/div>\n\t\t\t\t\t<\/div>\n\t\t<\/div>\n\t\t\t\t<div class=\"elementor-column elementor-col-33 elementor-inner-column elementor-element elementor-element-d1ba06b sc_inner_width_none sc_content_align_inherit sc_layouts_column_icons_position_left sc_fly_static\" data-id=\"d1ba06b\" data-element_type=\"column\">\n\t\t\t<div class=\"elementor-widget-wrap elementor-element-populated\">\n\t\t\t\t\t\t<div class=\"elementor-element elementor-element-fa6cc8b sc_fly_static elementor-widget elementor-widget-image\" data-id=\"fa6cc8b\" data-element_type=\"widget\" data-widget_type=\"image.default\">\n\t\t\t\t<div class=\"elementor-widget-container\">\n\t\t\t\t\t\t\t\t\t\t\t\t\t\t\t\t<a href=\"https:\/\/happy-inn.nl\/de\/kleinkind-zone\/\">\n\t\t\t\t\t\t\t<img loading=\"lazy\" decoding=\"async\" width=\"1024\" height=\"768\" src=\"https:\/\/happy-inn.nl\/wp-content\/uploads\/2023\/09\/voorziening-map-peuterzone-1-1024x768.jpg\" class=\"attachment-large size-large wp-image-25138\" alt=\"\" srcset=\"https:\/\/happy-inn.nl\/wp-content\/uploads\/2023\/09\/voorziening-map-peuterzone-1-1024x768.jpg 1024w, https:\/\/happy-inn.nl\/wp-content\/uploads\/2023\/09\/voorziening-map-peuterzone-1-300x225.jpg 300w, https:\/\/happy-inn.nl\/wp-content\/uploads\/2023\/09\/voorziening-map-peuterzone-1-768x576.jpg 768w, https:\/\/happy-inn.nl\/wp-content\/uploads\/2023\/09\/voorziening-map-peuterzone-1-370x278.jpg 370w, https:\/\/happy-inn.nl\/wp-content\/uploads\/2023\/09\/voorziening-map-peuterzone-1-840x630.jpg 840w, https:\/\/happy-inn.nl\/wp-content\/uploads\/2023\/09\/voorziening-map-peuterzone-1-410x308.jpg 410w, https:\/\/happy-inn.nl\/wp-content\/uploads\/2023\/09\/voorziening-map-peuterzone-1.jpg 1200w\" sizes=\"(max-width: 1024px) 100vw, 1024px\" \/>\t\t\t\t\t\t\t\t<\/a>\n\t\t\t\t\t\t\t\t\t\t\t\t\t\t\t<\/div>\n\t\t\t\t<\/div>\n\t\t\t\t<div class=\"elementor-element elementor-element-87786b5 sc_fly_static elementor-widget elementor-widget-trx_sc_title\" data-id=\"87786b5\" data-element_type=\"widget\" data-widget_type=\"trx_sc_title.default\">\n\t\t\t\t<div class=\"elementor-widget-container\">\n\t\t\t\t\t<div\t\tclass=\"sc_title sc_title_default\" ><h2 class=\"sc_item_title sc_title_title sc_item_title_style_default trx_addons_inline_1389998453\"\n\t\t\t><span class=\"sc_item_title_text\">Kleinkinderzone<\/span><\/h2><\/div>\t\t\t\t<\/div>\n\t\t\t\t<\/div>\n\t\t\t\t\t<\/div>\n\t\t<\/div>\n\t\t\t\t<div class=\"elementor-column elementor-col-33 elementor-inner-column elementor-element elementor-element-6545787 sc_inner_width_none sc_content_align_inherit sc_layouts_column_icons_position_left sc_fly_static\" data-id=\"6545787\" data-element_type=\"column\">\n\t\t\t<div class=\"elementor-widget-wrap elementor-element-populated\">\n\t\t\t\t\t\t<div class=\"elementor-element elementor-element-8192a33 sc_fly_static elementor-widget elementor-widget-image\" data-id=\"8192a33\" data-element_type=\"widget\" data-widget_type=\"image.default\">\n\t\t\t\t<div class=\"elementor-widget-container\">\n\t\t\t\t\t\t\t\t\t\t\t\t\t\t\t\t<a href=\"https:\/\/happy-inn.nl\/de\/essen-trinken\/\">\n\t\t\t\t\t\t\t<img loading=\"lazy\" decoding=\"async\" width=\"1024\" height=\"768\" src=\"https:\/\/happy-inn.nl\/wp-content\/uploads\/2023\/09\/voorziening-map-etendrinken-1024x768.jpg\" class=\"attachment-large size-large wp-image-24925\" alt=\"\" srcset=\"https:\/\/happy-inn.nl\/wp-content\/uploads\/2023\/09\/voorziening-map-etendrinken-1024x768.jpg 1024w, https:\/\/happy-inn.nl\/wp-content\/uploads\/2023\/09\/voorziening-map-etendrinken-300x225.jpg 300w, https:\/\/happy-inn.nl\/wp-content\/uploads\/2023\/09\/voorziening-map-etendrinken-768x576.jpg 768w, https:\/\/happy-inn.nl\/wp-content\/uploads\/2023\/09\/voorziening-map-etendrinken-370x278.jpg 370w, https:\/\/happy-inn.nl\/wp-content\/uploads\/2023\/09\/voorziening-map-etendrinken-840x630.jpg 840w, https:\/\/happy-inn.nl\/wp-content\/uploads\/2023\/09\/voorziening-map-etendrinken-410x308.jpg 410w, https:\/\/happy-inn.nl\/wp-content\/uploads\/2023\/09\/voorziening-map-etendrinken.jpg 1200w\" sizes=\"(max-width: 1024px) 100vw, 1024px\" \/>\t\t\t\t\t\t\t\t<\/a>\n\t\t\t\t\t\t\t\t\t\t\t\t\t\t\t<\/div>\n\t\t\t\t<\/div>\n\t\t\t\t<div class=\"elementor-element elementor-element-d44aec6 sc_fly_static elementor-widget elementor-widget-trx_sc_title\" data-id=\"d44aec6\" data-element_type=\"widget\" data-widget_type=\"trx_sc_title.default\">\n\t\t\t\t<div class=\"elementor-widget-container\">\n\t\t\t\t\t<div\t\tclass=\"sc_title sc_title_default\" ><h2 class=\"sc_item_title sc_title_title sc_item_title_style_default trx_addons_inline_1677752802\"\n\t\t\t><span class=\"sc_item_title_text\">Essen + Trinken <\/span><\/h2><\/div>\t\t\t\t<\/div>\n\t\t\t\t<\/div>\n\t\t\t\t\t<\/div>\n\t\t<\/div>\n\t\t\t\t\t<\/div>\n\t\t<\/section>\n\t\t\t\t<div class=\"elementor-element elementor-element-1a6eafdd sc_height_medium sc_fly_static elementor-widget elementor-widget-spacer\" data-id=\"1a6eafdd\" data-element_type=\"widget\" data-widget_type=\"spacer.default\">\n\t\t\t\t<div class=\"elementor-widget-container\">\n\t\t\t\t\t\t\t<div class=\"elementor-spacer\">\n\t\t\t<div class=\"elementor-spacer-inner\"><\/div>\n\t\t<\/div>\n\t\t\t\t\t\t<\/div>\n\t\t\t\t<\/div>\n\t\t\t\t\t<\/div>\n\t\t<\/div>\n\t\t\t\t\t<\/div>\n\t\t<\/section>\n\t\t\t\t<\/div>\n\t\t","protected":false},"excerpt":{"rendered":"<p>Einrichtungen Aktivitaten im Freien (bei schonem Wetter) Von Mitte Mai bis Mitte September ist unsere Dachterrasse voller Wasserspa\u00df ge\u00f6ffnet, wenn die erwartete Temperatur mindestens 20\u00b0C betr\u00e4gt. Kinder m\u00fcssen immer unter&hellip;<\/p>\n","protected":false},"author":1,"featured_media":0,"parent":0,"menu_order":0,"comment_status":"closed","ping_status":"closed","template":"","meta":{"cybocfi_hide_featured_image":"","footnotes":""},"class_list":["post-25925","page","type-page","status-publish","hentry"],"_links":{"self":[{"href":"https:\/\/happy-inn.nl\/de\/wp-json\/wp\/v2\/pages\/25925","targetHints":{"allow":["GET"]}}],"collection":[{"href":"https:\/\/happy-inn.nl\/de\/wp-json\/wp\/v2\/pages"}],"about":[{"href":"https:\/\/happy-inn.nl\/de\/wp-json\/wp\/v2\/types\/page"}],"author":[{"embeddable":true,"href":"https:\/\/happy-inn.nl\/de\/wp-json\/wp\/v2\/users\/1"}],"replies":[{"embeddable":true,"href":"https:\/\/happy-inn.nl\/de\/wp-json\/wp\/v2\/comments?post=25925"}],"version-history":[{"count":7,"href":"https:\/\/happy-inn.nl\/de\/wp-json\/wp\/v2\/pages\/25925\/revisions"}],"predecessor-version":[{"id":26559,"href":"https:\/\/happy-inn.nl\/de\/wp-json\/wp\/v2\/pages\/25925\/revisions\/26559"}],"wp:attachment":[{"href":"https:\/\/happy-inn.nl\/de\/wp-json\/wp\/v2\/media?parent=25925"}],"curies":[{"name":"wp","href":"https:\/\/api.w.org\/{rel}","templated":true}]}}