{"id":25919,"date":"2021-11-08T14:17:18","date_gmt":"2021-11-08T13:17:18","guid":{"rendered":"https:\/\/happy-inn.nl\/uber-happy-inn\/"},"modified":"2024-02-07T14:00:17","modified_gmt":"2024-02-07T13:00:17","slug":"uber-happy-inn","status":"publish","type":"page","link":"https:\/\/happy-inn.nl\/de\/uber-happy-inn\/","title":{"rendered":"\u00dcber Happy Inn"},"content":{"rendered":"\t\t<div data-elementor-type=\"wp-page\" data-elementor-id=\"25919\" class=\"elementor elementor-25919\">\n\t\t\t\t\t\t<section class=\"elementor-section elementor-top-section elementor-element elementor-element-fb6e7e3 elementor-section-boxed elementor-section-height-default elementor-section-height-default sc_fly_static\" data-id=\"fb6e7e3\" data-element_type=\"section\">\n\t\t\t\t\t\t<div class=\"elementor-container elementor-column-gap-extended\">\n\t\t\t\t\t<div class=\"elementor-column elementor-col-50 elementor-top-column elementor-element elementor-element-7cb4d11 sc_inner_width_none sc_content_align_inherit sc_layouts_column_icons_position_left sc_fly_static\" data-id=\"7cb4d11\" data-element_type=\"column\">\n\t\t\t<div class=\"elementor-widget-wrap elementor-element-populated\">\n\t\t\t\t\t\t<div class=\"elementor-element elementor-element-7ca8809d sc_fly_static elementor-widget elementor-widget-trx_sc_title\" data-id=\"7ca8809d\" data-element_type=\"widget\" data-widget_type=\"trx_sc_title.default\">\n\t\t\t\t<div class=\"elementor-widget-container\">\n\t\t\t\t\t<div\t\tclass=\"sc_title sc_title_default\" ><span class=\"sc_item_subtitle sc_title_subtitle sc_item_subtitle_above sc_item_title_style_default\">\u00fcber HAPPY INN ALKMAAR<\/span><h2 class=\"sc_item_title sc_title_title sc_item_title_style_default sc_item_title_tag\"\n\t\t\t><span class=\"sc_item_title_text\">Happy Inn Alkmaar, Genuss fur Jung und Alt.<\/span><\/h2><div class=\"sc_item_descr sc_title_descr\"><p>Schon seit 10 Jahren wissen kleine und gro\u00dfe Besucher, wie sie den Weg zu unserem Indoor-Spielparadies finden. Ob Sie nur zum Spielen kommen oder vielleicht sogar eine Geburtstagsparty feiern, es macht immer Spa\u00df und wir freuen uns, Sie (wieder) zu sehen. Die Kinder genie\u00dfen das Spielen in einer sicheren und ordentlichen Umgebung, in der sich die Betreuer entspannen und den Spa\u00df an (und mit) den Kindern genie\u00dfen k\u00f6nnen. Das Happy Inn verf\u00fcgt \u00fcber einen Kleinkinderbereich f\u00fcr Kinder von 0 bis 4 Jahren sowie einen gro\u00dfen Spielbereich, in dem \u00e4ltere Kinder klettern und herumtollen k\u00f6nnen. Der Panna-K\u00e4fig und die Trampoline sind bei Kindern aller Altersgruppen sehr beliebt. Wir verf\u00fcgen \u00fcber ein gro\u00dfes Luftkissen im Innenbereich und im Sommer \u00fcber 2 Luftkissen im Au\u00dfenbereich, die f\u00fcr jede Menge Spa\u00df und Wasserspa\u00df sorgen. Unser Tipp zum Laserspielen: ab 5 Jahren, zusammen mit Freunden ein einmaliges Erlebnis, bei dem auch die Betreuer mitspielen k\u00f6nnen. <\/p>\n<p>Zusammenfassend l\u00e4sst sich sagen, dass es f\u00fcr jeden Geschmack viel zu tun gibt.<br \/>\n<\/br><br \/>\n<\/br>Wir hoffen, Sie bald wiederzusehen,<br \/>\n<\/br>Team Happy Inn Alkmaar<\/p>\n<\/div><\/div>\t\t\t\t<\/div>\n\t\t\t\t<\/div>\n\t\t\t\t\t<\/div>\n\t\t<\/div>\n\t\t\t\t<div class=\"elementor-column elementor-col-50 elementor-top-column elementor-element elementor-element-8f48782 sc_inner_width_none sc_content_align_inherit sc_layouts_column_icons_position_left sc_fly_static\" data-id=\"8f48782\" data-element_type=\"column\">\n\t\t\t<div class=\"elementor-widget-wrap elementor-element-populated\">\n\t\t\t\t\t\t<div class=\"elementor-element elementor-element-a08d6a6 sc_fly_static elementor-widget elementor-widget-image\" data-id=\"a08d6a6\" data-element_type=\"widget\" data-widget_type=\"image.default\">\n\t\t\t\t<div class=\"elementor-widget-container\">\n\t\t\t\t\t\t\t\t\t\t\t\t\t\t\t<img fetchpriority=\"high\" decoding=\"async\" width=\"1024\" height=\"768\" src=\"https:\/\/happy-inn.nl\/wp-content\/uploads\/2023\/09\/happyinn-foto-bericht1-1024x768.png\" class=\"attachment-large size-large wp-image-26705\" alt=\"\" srcset=\"https:\/\/happy-inn.nl\/wp-content\/uploads\/2023\/09\/happyinn-foto-bericht1-1024x768.png 1024w, https:\/\/happy-inn.nl\/wp-content\/uploads\/2023\/09\/happyinn-foto-bericht1-300x225.png 300w, https:\/\/happy-inn.nl\/wp-content\/uploads\/2023\/09\/happyinn-foto-bericht1-768x576.png 768w, https:\/\/happy-inn.nl\/wp-content\/uploads\/2023\/09\/happyinn-foto-bericht1-370x278.png 370w, https:\/\/happy-inn.nl\/wp-content\/uploads\/2023\/09\/happyinn-foto-bericht1-840x630.png 840w, https:\/\/happy-inn.nl\/wp-content\/uploads\/2023\/09\/happyinn-foto-bericht1-410x308.png 410w, https:\/\/happy-inn.nl\/wp-content\/uploads\/2023\/09\/happyinn-foto-bericht1.png 1200w\" sizes=\"(max-width: 1024px) 100vw, 1024px\" \/>\t\t\t\t\t\t\t\t\t\t\t\t\t\t\t<\/div>\n\t\t\t\t<\/div>\n\t\t\t\t\t<\/div>\n\t\t<\/div>\n\t\t\t\t\t<\/div>\n\t\t<\/section>\n\t\t\t\t<section class=\"elementor-section elementor-top-section elementor-element elementor-element-dc2bbe9 elementor-section-boxed elementor-section-height-default elementor-section-height-default sc_fly_static\" data-id=\"dc2bbe9\" data-element_type=\"section\">\n\t\t\t\t\t\t<div class=\"elementor-container elementor-column-gap-extended\">\n\t\t\t\t\t<div class=\"elementor-column elementor-col-100 elementor-top-column elementor-element elementor-element-6ecfea3 sc_inner_width_none sc_content_align_inherit sc_layouts_column_icons_position_left sc_fly_static\" data-id=\"6ecfea3\" data-element_type=\"column\">\n\t\t\t<div class=\"elementor-widget-wrap\">\n\t\t\t\t\t\t\t<\/div>\n\t\t<\/div>\n\t\t\t\t\t<\/div>\n\t\t<\/section>\n\t\t\t\t<section class=\"elementor-section elementor-top-section elementor-element elementor-element-8b85ca6 elementor-section-content-middle sc_layouts_hide_on_wide sc_layouts_hide_on_desktop sc_layouts_hide_on_notebook sc_layouts_hide_on_tablet sc_layouts_hide_on_mobile elementor-section-boxed elementor-section-height-default elementor-section-height-default sc_fly_static\" data-id=\"8b85ca6\" data-element_type=\"section\">\n\t\t\t\t\t\t<div class=\"elementor-container elementor-column-gap-extended\">\n\t\t\t\t\t<div class=\"elementor-column elementor-col-50 elementor-top-column elementor-element elementor-element-7adae78b sc_inner_width_none sc_content_align_inherit sc_layouts_column_icons_position_left sc_fly_static\" data-id=\"7adae78b\" data-element_type=\"column\">\n\t\t\t<div class=\"elementor-widget-wrap elementor-element-populated\">\n\t\t\t\t\t\t<div class=\"elementor-element elementor-element-323d9995 sc_fly_static elementor-widget elementor-widget-trx_sc_title\" data-id=\"323d9995\" data-element_type=\"widget\" data-widget_type=\"trx_sc_title.default\">\n\t\t\t\t<div class=\"elementor-widget-container\">\n\t\t\t\t\t<div\t\tclass=\"sc_title sc_title_default\" ><span class=\"sc_item_subtitle sc_title_subtitle sc_item_subtitle_above sc_item_title_style_default\">testimonials<\/span><h1 class=\"sc_item_title sc_title_title sc_item_title_style_default sc_item_title_tag\"\n\t\t\t><span class=\"sc_item_title_text\">Entrust Your Growth to Professionals<\/span><\/h1><div class=\"sc_item_descr sc_title_descr\"><p>Dicta sunt explicabo. Nemo enim ipsam voluptatem quia voluptas sit aspernatur aut odit aut fugit, sed quia.<\/p>\n<\/div><div\tclass=\"sc_item_button sc_button_wrap sc_item_button sc_item_button_default sc_item_button_size_normal sc_title_button\"><a href=\"https:\/\/happy-inn.nl\/about-agency\/\" class=\"sc_button sc_button_default sc_button_shadow sc_button_size_normal sc_button_icon_left\"><span class=\"sc_button_text\"><span class=\"sc_button_title\">About Us<\/span><\/span><\/a><\/div><\/div>\t\t\t\t<\/div>\n\t\t\t\t<\/div>\n\t\t\t\t<div class=\"elementor-element elementor-element-1a81ef6c sc_height_small sc_layouts_hide_on_tablet sc_fly_static elementor-widget elementor-widget-spacer\" data-id=\"1a81ef6c\" data-element_type=\"widget\" data-widget_type=\"spacer.default\">\n\t\t\t\t<div class=\"elementor-widget-container\">\n\t\t\t\t\t\t\t<div class=\"elementor-spacer\">\n\t\t\t<div class=\"elementor-spacer-inner\"><\/div>\n\t\t<\/div>\n\t\t\t\t\t\t<\/div>\n\t\t\t\t<\/div>\n\t\t\t\t\t<\/div>\n\t\t<\/div>\n\t\t\t\t<div class=\"elementor-column elementor-col-50 elementor-top-column elementor-element elementor-element-9862acf sc_inner_width_none sc_content_align_inherit sc_layouts_column_icons_position_left sc_fly_static\" data-id=\"9862acf\" data-element_type=\"column\">\n\t\t\t<div class=\"elementor-widget-wrap elementor-element-populated\">\n\t\t\t\t\t\t<section class=\"elementor-section elementor-inner-section elementor-element elementor-element-19417783 elementor-section-content-top elementor-section-boxed elementor-section-height-default elementor-section-height-default sc_fly_static\" data-id=\"19417783\" data-element_type=\"section\">\n\t\t\t\t\t\t<div class=\"elementor-container elementor-column-gap-extended\">\n\t\t\t\t\t<div class=\"elementor-column elementor-col-50 elementor-inner-column elementor-element elementor-element-7f5829bc sc_inner_width_none sc_content_align_inherit sc_layouts_column_icons_position_left sc_fly_static\" data-id=\"7f5829bc\" data-element_type=\"column\">\n\t\t\t<div class=\"elementor-widget-wrap elementor-element-populated\">\n\t\t\t\t\t\t<div class=\"elementor-element elementor-element-4456a08b sc_layouts_hide_on_mobile sc_fly_static elementor-widget elementor-widget-spacer\" data-id=\"4456a08b\" data-element_type=\"widget\" data-widget_type=\"spacer.default\">\n\t\t\t\t<div class=\"elementor-widget-container\">\n\t\t\t\t\t\t\t<div class=\"elementor-spacer\">\n\t\t\t<div class=\"elementor-spacer-inner\"><\/div>\n\t\t<\/div>\n\t\t\t\t\t\t<\/div>\n\t\t\t\t<\/div>\n\t\t\t\t<div data-parallax-params=\"{&quot;parallax&quot;:1,&quot;flow&quot;:&quot;default&quot;,&quot;crop&quot;:&quot;none&quot;,&quot;ease&quot;:&quot;power2&quot;,&quot;duration&quot;:1,&quot;delay&quot;:0,&quot;squeeze&quot;:1,&quot;text&quot;:&quot;block&quot;,&quot;text_separate&quot;:0,&quot;text_wrap&quot;:0,&quot;mouse&quot;:1,&quot;mouse_type&quot;:&quot;transform&quot;,&quot;mouse_tilt_amount&quot;:70,&quot;mouse_speed&quot;:5,&quot;mouse_z&quot;:&quot;&quot;,&quot;mouse_handler&quot;:&quot;window&quot;,&quot;range_start&quot;:0,&quot;range_end&quot;:5,&quot;sticky_offset&quot;:0,&quot;lag&quot;:0,&quot;x_start&quot;:0,&quot;x_start_unit&quot;:&quot;px&quot;,&quot;x_end&quot;:0,&quot;x_end_unit&quot;:&quot;px&quot;,&quot;y_start&quot;:0,&quot;y_start_unit&quot;:&quot;px&quot;,&quot;y_end&quot;:0,&quot;y_end_unit&quot;:&quot;px&quot;,&quot;scale_start&quot;:100,&quot;scale_end&quot;:100,&quot;rotate_start&quot;:0,&quot;rotate_end&quot;:0,&quot;opacity_start&quot;:1,&quot;opacity_end&quot;:1,&quot;crop_start&quot;:0,&quot;crop_end&quot;:100}\" class=\"elementor-element elementor-element-7e659dd8 elementor-widget__width-auto elementor-absolute sc_parallax sc_parallax_mouse sc_parallax_type_transform sc_layouts_hide_on_mobile sc_fly_static sc_parallax_default elementor-widget elementor-widget-image\" data-id=\"7e659dd8\" data-element_type=\"widget\" data-settings=\"{&quot;_position&quot;:&quot;absolute&quot;}\" data-widget_type=\"image.default\">\n\t\t\t\t<div class=\"elementor-widget-container\">\n\t\t\t\t\t\t\t\t\t\t\t\t\t\t\t<img decoding=\"async\" src=\"https:\/\/happy-inn.nl\/wp-content\/uploads\/2021\/11\/decoration-4.svg\" title=\"\" alt=\"\" loading=\"lazy\" \/>\t\t\t\t\t\t\t\t\t\t\t\t\t\t\t<\/div>\n\t\t\t\t<\/div>\n\t\t\t\t<div data-parallax-params=\"{&quot;parallax&quot;:1,&quot;flow&quot;:&quot;default&quot;,&quot;crop&quot;:&quot;none&quot;,&quot;ease&quot;:&quot;power2&quot;,&quot;duration&quot;:1,&quot;delay&quot;:0,&quot;squeeze&quot;:1,&quot;text&quot;:&quot;block&quot;,&quot;text_separate&quot;:0,&quot;text_wrap&quot;:0,&quot;mouse&quot;:1,&quot;mouse_type&quot;:&quot;transform&quot;,&quot;mouse_tilt_amount&quot;:70,&quot;mouse_speed&quot;:8,&quot;mouse_z&quot;:&quot;&quot;,&quot;mouse_handler&quot;:&quot;window&quot;,&quot;range_start&quot;:0,&quot;range_end&quot;:8,&quot;sticky_offset&quot;:0,&quot;lag&quot;:0,&quot;x_start&quot;:0,&quot;x_start_unit&quot;:&quot;px&quot;,&quot;x_end&quot;:0,&quot;x_end_unit&quot;:&quot;px&quot;,&quot;y_start&quot;:0,&quot;y_start_unit&quot;:&quot;px&quot;,&quot;y_end&quot;:0,&quot;y_end_unit&quot;:&quot;px&quot;,&quot;scale_start&quot;:100,&quot;scale_end&quot;:100,&quot;rotate_start&quot;:0,&quot;rotate_end&quot;:0,&quot;opacity_start&quot;:1,&quot;opacity_end&quot;:1,&quot;crop_start&quot;:0,&quot;crop_end&quot;:100}\" class=\"elementor-element elementor-element-1f3cc819 elementor-widget__width-auto elementor-absolute sc_parallax sc_parallax_mouse sc_parallax_type_transform sc_layouts_hide_on_mobile sc_fly_static sc_parallax_default elementor-widget elementor-widget-image\" data-id=\"1f3cc819\" data-element_type=\"widget\" data-settings=\"{&quot;_position&quot;:&quot;absolute&quot;}\" data-widget_type=\"image.default\">\n\t\t\t\t<div class=\"elementor-widget-container\">\n\t\t\t\t\t\t\t\t\t\t\t\t\t\t\t<img decoding=\"async\" src=\"https:\/\/happy-inn.nl\/wp-content\/uploads\/2021\/11\/decoration-3.svg\" title=\"\" alt=\"\" loading=\"lazy\" \/>\t\t\t\t\t\t\t\t\t\t\t\t\t\t\t<\/div>\n\t\t\t\t<\/div>\n\t\t\t\t<div data-parallax-params=\"{&quot;parallax&quot;:1,&quot;flow&quot;:&quot;default&quot;,&quot;crop&quot;:&quot;none&quot;,&quot;ease&quot;:&quot;power2&quot;,&quot;duration&quot;:1,&quot;delay&quot;:0,&quot;squeeze&quot;:1,&quot;text&quot;:&quot;block&quot;,&quot;text_separate&quot;:0,&quot;text_wrap&quot;:0,&quot;mouse&quot;:1,&quot;mouse_type&quot;:&quot;transform&quot;,&quot;mouse_tilt_amount&quot;:70,&quot;mouse_speed&quot;:6,&quot;mouse_z&quot;:&quot;&quot;,&quot;mouse_handler&quot;:&quot;window&quot;,&quot;range_start&quot;:0,&quot;range_end&quot;:6,&quot;sticky_offset&quot;:0,&quot;lag&quot;:0,&quot;x_start&quot;:0,&quot;x_start_unit&quot;:&quot;px&quot;,&quot;x_end&quot;:0,&quot;x_end_unit&quot;:&quot;px&quot;,&quot;y_start&quot;:0,&quot;y_start_unit&quot;:&quot;px&quot;,&quot;y_end&quot;:0,&quot;y_end_unit&quot;:&quot;px&quot;,&quot;scale_start&quot;:100,&quot;scale_end&quot;:100,&quot;rotate_start&quot;:0,&quot;rotate_end&quot;:0,&quot;opacity_start&quot;:1,&quot;opacity_end&quot;:1,&quot;crop_start&quot;:0,&quot;crop_end&quot;:100}\" class=\"elementor-element elementor-element-7f271806 elementor-widget__width-auto elementor-absolute sc_parallax sc_parallax_mouse sc_parallax_type_transform sc_layouts_hide_on_mobile sc_fly_static sc_parallax_default elementor-widget elementor-widget-image\" data-id=\"7f271806\" data-element_type=\"widget\" data-settings=\"{&quot;_position&quot;:&quot;absolute&quot;}\" data-widget_type=\"image.default\">\n\t\t\t\t<div class=\"elementor-widget-container\">\n\t\t\t\t\t\t\t\t\t\t\t\t\t\t\t<img decoding=\"async\" src=\"https:\/\/happy-inn.nl\/wp-content\/uploads\/2021\/11\/decoration-2.svg\" title=\"\" alt=\"\" loading=\"lazy\" \/>\t\t\t\t\t\t\t\t\t\t\t\t\t\t\t<\/div>\n\t\t\t\t<\/div>\n\t\t\t\t<div data-parallax-params=\"{&quot;parallax&quot;:1,&quot;flow&quot;:&quot;default&quot;,&quot;crop&quot;:&quot;none&quot;,&quot;ease&quot;:&quot;power2&quot;,&quot;duration&quot;:1,&quot;delay&quot;:0,&quot;squeeze&quot;:1,&quot;text&quot;:&quot;block&quot;,&quot;text_separate&quot;:0,&quot;text_wrap&quot;:0,&quot;mouse&quot;:1,&quot;mouse_type&quot;:&quot;transform&quot;,&quot;mouse_tilt_amount&quot;:70,&quot;mouse_speed&quot;:-5,&quot;mouse_z&quot;:&quot;&quot;,&quot;mouse_handler&quot;:&quot;window&quot;,&quot;range_start&quot;:0,&quot;range_end&quot;:5,&quot;sticky_offset&quot;:0,&quot;lag&quot;:0,&quot;x_start&quot;:0,&quot;x_start_unit&quot;:&quot;px&quot;,&quot;x_end&quot;:0,&quot;x_end_unit&quot;:&quot;px&quot;,&quot;y_start&quot;:0,&quot;y_start_unit&quot;:&quot;px&quot;,&quot;y_end&quot;:0,&quot;y_end_unit&quot;:&quot;px&quot;,&quot;scale_start&quot;:100,&quot;scale_end&quot;:100,&quot;rotate_start&quot;:0,&quot;rotate_end&quot;:0,&quot;opacity_start&quot;:1,&quot;opacity_end&quot;:1,&quot;crop_start&quot;:0,&quot;crop_end&quot;:100}\" class=\"elementor-element elementor-element-739ea6e8 elementor-widget__width-auto elementor-absolute sc_parallax sc_parallax_mouse sc_parallax_type_transform sc_layouts_hide_on_mobile sc_fly_static sc_parallax_default elementor-widget elementor-widget-image\" data-id=\"739ea6e8\" data-element_type=\"widget\" data-settings=\"{&quot;_position&quot;:&quot;absolute&quot;}\" data-widget_type=\"image.default\">\n\t\t\t\t<div class=\"elementor-widget-container\">\n\t\t\t\t\t\t\t\t\t\t\t\t\t\t\t<img decoding=\"async\" src=\"https:\/\/happy-inn.nl\/wp-content\/uploads\/2021\/11\/decoration-6.svg\" title=\"\" alt=\"\" loading=\"lazy\" \/>\t\t\t\t\t\t\t\t\t\t\t\t\t\t\t<\/div>\n\t\t\t\t<\/div>\n\t\t\t\t\t<\/div>\n\t\t<\/div>\n\t\t\t\t<div class=\"elementor-column elementor-col-50 elementor-inner-column elementor-element elementor-element-87d5732 sc_inner_width_none sc_content_align_inherit sc_layouts_column_icons_position_left sc_fly_static\" data-id=\"87d5732\" data-element_type=\"column\">\n\t\t\t<div class=\"elementor-widget-wrap elementor-element-populated\">\n\t\t\t\t\t\t<div data-parallax-params=\"{&quot;parallax&quot;:1,&quot;flow&quot;:&quot;default&quot;,&quot;crop&quot;:&quot;none&quot;,&quot;ease&quot;:&quot;power2&quot;,&quot;duration&quot;:1,&quot;delay&quot;:0,&quot;squeeze&quot;:1,&quot;text&quot;:&quot;block&quot;,&quot;text_separate&quot;:0,&quot;text_wrap&quot;:0,&quot;mouse&quot;:1,&quot;mouse_type&quot;:&quot;transform&quot;,&quot;mouse_tilt_amount&quot;:70,&quot;mouse_speed&quot;:-3,&quot;mouse_z&quot;:&quot;&quot;,&quot;mouse_handler&quot;:&quot;window&quot;,&quot;range_start&quot;:0,&quot;range_end&quot;:5,&quot;sticky_offset&quot;:0,&quot;lag&quot;:0,&quot;x_start&quot;:0,&quot;x_start_unit&quot;:&quot;px&quot;,&quot;x_end&quot;:0,&quot;x_end_unit&quot;:&quot;px&quot;,&quot;y_start&quot;:0,&quot;y_start_unit&quot;:&quot;px&quot;,&quot;y_end&quot;:0,&quot;y_end_unit&quot;:&quot;px&quot;,&quot;scale_start&quot;:100,&quot;scale_end&quot;:100,&quot;rotate_start&quot;:0,&quot;rotate_end&quot;:0,&quot;opacity_start&quot;:1,&quot;opacity_end&quot;:1,&quot;crop_start&quot;:0,&quot;crop_end&quot;:100}\" class=\"elementor-element elementor-element-313efc1f elementor-widget__width-auto elementor-absolute sc_parallax sc_parallax_mouse sc_parallax_type_transform sc_fly_static sc_parallax_default elementor-widget elementor-widget-image\" data-id=\"313efc1f\" data-element_type=\"widget\" data-settings=\"{&quot;_position&quot;:&quot;absolute&quot;}\" data-widget_type=\"image.default\">\n\t\t\t\t<div class=\"elementor-widget-container\">\n\t\t\t\t\t\t\t\t\t\t\t\t\t\t\t<img decoding=\"async\" src=\"https:\/\/happy-inn.nl\/wp-content\/uploads\/2021\/11\/decoration-2.svg\" title=\"\" alt=\"\" loading=\"lazy\" \/>\t\t\t\t\t\t\t\t\t\t\t\t\t\t\t<\/div>\n\t\t\t\t<\/div>\n\t\t\t\t<div data-parallax-params=\"{&quot;parallax&quot;:1,&quot;flow&quot;:&quot;default&quot;,&quot;crop&quot;:&quot;none&quot;,&quot;ease&quot;:&quot;power2&quot;,&quot;duration&quot;:1,&quot;delay&quot;:0,&quot;squeeze&quot;:1,&quot;text&quot;:&quot;block&quot;,&quot;text_separate&quot;:0,&quot;text_wrap&quot;:0,&quot;mouse&quot;:1,&quot;mouse_type&quot;:&quot;transform&quot;,&quot;mouse_tilt_amount&quot;:70,&quot;mouse_speed&quot;:-3,&quot;mouse_z&quot;:&quot;&quot;,&quot;mouse_handler&quot;:&quot;window&quot;,&quot;range_start&quot;:0,&quot;range_end&quot;:5,&quot;sticky_offset&quot;:0,&quot;lag&quot;:0,&quot;x_start&quot;:0,&quot;x_start_unit&quot;:&quot;px&quot;,&quot;x_end&quot;:0,&quot;x_end_unit&quot;:&quot;px&quot;,&quot;y_start&quot;:0,&quot;y_start_unit&quot;:&quot;px&quot;,&quot;y_end&quot;:0,&quot;y_end_unit&quot;:&quot;px&quot;,&quot;scale_start&quot;:100,&quot;scale_end&quot;:100,&quot;rotate_start&quot;:0,&quot;rotate_end&quot;:0,&quot;opacity_start&quot;:1,&quot;opacity_end&quot;:1,&quot;crop_start&quot;:0,&quot;crop_end&quot;:100}\" class=\"elementor-element elementor-element-28f9eccd elementor-widget__width-auto elementor-absolute sc_parallax sc_parallax_mouse sc_parallax_type_transform sc_fly_static sc_parallax_default elementor-widget elementor-widget-image\" data-id=\"28f9eccd\" data-element_type=\"widget\" data-settings=\"{&quot;_position&quot;:&quot;absolute&quot;}\" data-widget_type=\"image.default\">\n\t\t\t\t<div class=\"elementor-widget-container\">\n\t\t\t\t\t\t\t\t\t\t\t\t\t\t\t<img decoding=\"async\" src=\"https:\/\/happy-inn.nl\/wp-content\/uploads\/2021\/11\/decoration-3.svg\" title=\"\" alt=\"\" loading=\"lazy\" \/>\t\t\t\t\t\t\t\t\t\t\t\t\t\t\t<\/div>\n\t\t\t\t<\/div>\n\t\t\t\t\t<\/div>\n\t\t<\/div>\n\t\t\t\t\t<\/div>\n\t\t<\/section>\n\t\t\t\t\t<\/div>\n\t\t<\/div>\n\t\t\t\t\t<\/div>\n\t\t<\/section>\n\t\t\t\t<section class=\"elementor-section elementor-top-section elementor-element elementor-element-d90523a elementor-section-boxed elementor-section-height-default elementor-section-height-default sc_fly_static\" data-id=\"d90523a\" data-element_type=\"section\">\n\t\t\t\t\t\t<div class=\"elementor-container elementor-column-gap-extended\">\n\t\t\t\t\t<div class=\"elementor-column elementor-col-100 elementor-top-column elementor-element elementor-element-679a90e sc_inner_width_none sc_content_align_inherit sc_layouts_column_icons_position_left sc_fly_static\" data-id=\"679a90e\" data-element_type=\"column\">\n\t\t\t<div class=\"elementor-widget-wrap elementor-element-populated\">\n\t\t\t\t\t\t<div class=\"elementor-element elementor-element-7a0d969 sc_height_huge sc_fly_static elementor-widget elementor-widget-spacer\" data-id=\"7a0d969\" data-element_type=\"widget\" data-widget_type=\"spacer.default\">\n\t\t\t\t<div class=\"elementor-widget-container\">\n\t\t\t\t\t\t\t<div class=\"elementor-spacer\">\n\t\t\t<div class=\"elementor-spacer-inner\"><\/div>\n\t\t<\/div>\n\t\t\t\t\t\t<\/div>\n\t\t\t\t<\/div>\n\t\t\t\t\t<\/div>\n\t\t<\/div>\n\t\t\t\t\t<\/div>\n\t\t<\/section>\n\t\t\t\t<\/div>\n\t\t","protected":false},"excerpt":{"rendered":"<p>\u00fcber HAPPY INN ALKMAAR Happy Inn Alkmaar, Genuss fur Jung und Alt. Schon seit 10 Jahren wissen kleine und gro\u00dfe Besucher, wie sie den Weg zu unserem Indoor-Spielparadies finden. Ob&hellip;<\/p>\n","protected":false},"author":1,"featured_media":0,"parent":0,"menu_order":0,"comment_status":"closed","ping_status":"closed","template":"","meta":{"cybocfi_hide_featured_image":"","footnotes":""},"class_list":["post-25919","page","type-page","status-publish","hentry"],"_links":{"self":[{"href":"https:\/\/happy-inn.nl\/de\/wp-json\/wp\/v2\/pages\/25919","targetHints":{"allow":["GET"]}}],"collection":[{"href":"https:\/\/happy-inn.nl\/de\/wp-json\/wp\/v2\/pages"}],"about":[{"href":"https:\/\/happy-inn.nl\/de\/wp-json\/wp\/v2\/types\/page"}],"author":[{"embeddable":true,"href":"https:\/\/happy-inn.nl\/de\/wp-json\/wp\/v2\/users\/1"}],"replies":[{"embeddable":true,"href":"https:\/\/happy-inn.nl\/de\/wp-json\/wp\/v2\/comments?post=25919"}],"version-history":[{"count":13,"href":"https:\/\/happy-inn.nl\/de\/wp-json\/wp\/v2\/pages\/25919\/revisions"}],"predecessor-version":[{"id":26810,"href":"https:\/\/happy-inn.nl\/de\/wp-json\/wp\/v2\/pages\/25919\/revisions\/26810"}],"wp:attachment":[{"href":"https:\/\/happy-inn.nl\/de\/wp-json\/wp\/v2\/media?parent=25919"}],"curies":[{"name":"wp","href":"https:\/\/api.w.org\/{rel}","templated":true}]}}