{"id":25895,"date":"2021-11-10T13:23:32","date_gmt":"2021-11-10T12:23:32","guid":{"rendered":"https:\/\/happy-inn.nl\/raster-projektdetails\/"},"modified":"2024-01-15T10:01:56","modified_gmt":"2024-01-15T09:01:56","slug":"raster-projektdetails","status":"publish","type":"page","link":"https:\/\/happy-inn.nl\/de\/raster-projektdetails\/","title":{"rendered":"Raster &#8211; Projektdetails"},"content":{"rendered":"\t\t<div data-elementor-type=\"wp-page\" data-elementor-id=\"25895\" class=\"elementor elementor-25895\">\n\t\t\t\t\t\t<section class=\"elementor-section elementor-top-section elementor-element elementor-element-d717d9a elementor-section-boxed elementor-section-height-default elementor-section-height-default sc_fly_static\" data-id=\"d717d9a\" data-element_type=\"section\">\n\t\t\t\t\t\t<div class=\"elementor-container elementor-column-gap-extended\">\n\t\t\t\t\t<div class=\"elementor-column elementor-col-100 elementor-top-column elementor-element elementor-element-bc062ee sc_inner_width_none sc_content_align_inherit sc_layouts_column_icons_position_left sc_fly_static\" data-id=\"bc062ee\" data-element_type=\"column\">\n\t\t\t<div class=\"elementor-widget-wrap elementor-element-populated\">\n\t\t\t\t\t\t<div class=\"elementor-element elementor-element-df0f53e sc_height_huge sc_fly_static elementor-widget elementor-widget-spacer\" data-id=\"df0f53e\" data-element_type=\"widget\" data-widget_type=\"spacer.default\">\n\t\t\t\t<div class=\"elementor-widget-container\">\n\t\t\t\t\t\t\t<div class=\"elementor-spacer\">\n\t\t\t<div class=\"elementor-spacer-inner\"><\/div>\n\t\t<\/div>\n\t\t\t\t\t\t<\/div>\n\t\t\t\t<\/div>\n\t\t\t\t\t<\/div>\n\t\t<\/div>\n\t\t\t\t\t<\/div>\n\t\t<\/section>\n\t\t\t\t<section class=\"elementor-section elementor-top-section elementor-element elementor-element-a4f0fd5 elementor-section-boxed elementor-section-height-default elementor-section-height-default sc_fly_static\" data-id=\"a4f0fd5\" data-element_type=\"section\">\n\t\t\t\t\t\t<div class=\"elementor-container elementor-column-gap-extended\">\n\t\t\t\t\t<div class=\"elementor-column elementor-col-100 elementor-top-column elementor-element elementor-element-331c0be sc_inner_width_none sc_content_align_inherit sc_layouts_column_icons_position_left sc_fly_static\" data-id=\"331c0be\" data-element_type=\"column\">\n\t\t\t<div class=\"elementor-widget-wrap elementor-element-populated\">\n\t\t\t\t\t\t\t<\/div>\n\t\t<\/div>\n\t\t\t\t\t<\/div>\n\t\t<\/section>\n\t\t\t\t<section class=\"elementor-section elementor-top-section elementor-element elementor-element-94c17e9 elementor-section-boxed elementor-section-height-default elementor-section-height-default sc_fly_static\" data-id=\"94c17e9\" data-element_type=\"section\">\n\t\t\t\t\t\t<div class=\"elementor-container elementor-column-gap-extended\">\n\t\t\t\t\t<div class=\"elementor-column elementor-col-100 elementor-top-column elementor-element elementor-element-ce29341 sc_inner_width_none sc_content_align_inherit sc_layouts_column_icons_position_left sc_fly_static\" data-id=\"ce29341\" data-element_type=\"column\">\n\t\t\t<div class=\"elementor-widget-wrap elementor-element-populated\">\n\t\t\t\t\t\t<div class=\"elementor-element elementor-element-0d7ef41 sc_height_huge sc_fly_static elementor-widget elementor-widget-spacer\" data-id=\"0d7ef41\" data-element_type=\"widget\" data-widget_type=\"spacer.default\">\n\t\t\t\t<div class=\"elementor-widget-container\">\n\t\t\t\t\t\t\t<div class=\"elementor-spacer\">\n\t\t\t<div class=\"elementor-spacer-inner\"><\/div>\n\t\t<\/div>\n\t\t\t\t\t\t<\/div>\n\t\t\t\t<\/div>\n\t\t\t\t\t<\/div>\n\t\t<\/div>\n\t\t\t\t\t<\/div>\n\t\t<\/section>\n\t\t\t\t<\/div>\n\t\t","protected":false},"excerpt":{"rendered":"<p>Ausgew\u00e4hlte SEO-Tipps IdeenKundenMagazinDatumApril2021AutorinAmy Walker Cover-Ideen CustomClientMagazineDatumFebruar2021AutorJason Lee Kundenspezifische Entw\u00fcrfe CustomClientNewspaperDateNovember, 2019AutorAmy Walker Stellen Sie sich eine SEO-Theorie vor KundeSEOGeekDatumM\u00e4rz, 2020AutorJenny Green B\u00fcroleben KundeNeuesMagazinDatumMai, 2021AutorinAnna Woods Unternehmenskultur IllustrationKundeBrandingLifeJahr2021AutorinAnna Woods<\/p>\n","protected":false},"author":1,"featured_media":0,"parent":0,"menu_order":0,"comment_status":"closed","ping_status":"closed","template":"","meta":{"cybocfi_hide_featured_image":"","footnotes":""},"class_list":["post-25895","page","type-page","status-publish","hentry"],"_links":{"self":[{"href":"https:\/\/happy-inn.nl\/de\/wp-json\/wp\/v2\/pages\/25895","targetHints":{"allow":["GET"]}}],"collection":[{"href":"https:\/\/happy-inn.nl\/de\/wp-json\/wp\/v2\/pages"}],"about":[{"href":"https:\/\/happy-inn.nl\/de\/wp-json\/wp\/v2\/types\/page"}],"author":[{"embeddable":true,"href":"https:\/\/happy-inn.nl\/de\/wp-json\/wp\/v2\/users\/1"}],"replies":[{"embeddable":true,"href":"https:\/\/happy-inn.nl\/de\/wp-json\/wp\/v2\/comments?post=25895"}],"version-history":[{"count":1,"href":"https:\/\/happy-inn.nl\/de\/wp-json\/wp\/v2\/pages\/25895\/revisions"}],"predecessor-version":[{"id":25896,"href":"https:\/\/happy-inn.nl\/de\/wp-json\/wp\/v2\/pages\/25895\/revisions\/25896"}],"wp:attachment":[{"href":"https:\/\/happy-inn.nl\/de\/wp-json\/wp\/v2\/media?parent=25895"}],"curies":[{"name":"wp","href":"https:\/\/api.w.org\/{rel}","templated":true}]}}